{"id":42,"date":"2023-06-30T09:22:23","date_gmt":"2023-06-30T09:22:23","guid":{"rendered":"https:\/\/localgroup.ro\/?page_id=42"},"modified":"2023-07-04T06:29:16","modified_gmt":"2023-07-04T06:29:16","slug":"1-2","status":"publish","type":"page","link":"https:\/\/localgroup.ro\/","title":{"rendered":"Bine a\u021bi venit la Local Group"},"content":{"rendered":"\t\t<div data-elementor-type=\"wp-page\" data-elementor-id=\"42\" class=\"elementor elementor-42\">\n\t\t\t\t\t\t\t\t\t<section class=\"elementor-section elementor-top-section elementor-element elementor-element-b39e039 elementor-section-full_width elementor-section-height-default elementor-section-height-default\" data-id=\"b39e039\" data-element_type=\"section\" data-settings=\"{&quot;background_background&quot;:&quot;classic&quot;}\">\n\t\t\t\t\t\t<div class=\"elementor-container elementor-column-gap-default\">\n\t\t\t\t\t<div class=\"elementor-column elementor-col-100 elementor-top-column elementor-element elementor-element-5563f31\" data-id=\"5563f31\" data-element_type=\"column\">\n\t\t\t<div class=\"elementor-widget-wrap elementor-element-populated\">\n\t\t\t\t\t\t\t\t<div class=\"elementor-element elementor-element-6abe279 elementor-widget elementor-widget-image\" data-id=\"6abe279\" data-element_type=\"widget\" data-widget_type=\"image.default\">\n\t\t\t\t<div class=\"elementor-widget-container\">\n\t\t\t<style>\/*! elementor - v3.14.0 - 26-06-2023 *\/\n.elementor-widget-image{text-align:center}.elementor-widget-image a{display:inline-block}.elementor-widget-image a img[src$=\".svg\"]{width:48px}.elementor-widget-image img{vertical-align:middle;display:inline-block}<\/style>\t\t\t\t\t\t\t\t\t\t\t\t<img loading=\"lazy\" decoding=\"async\" width=\"2500\" height=\"500\" src=\"https:\/\/localgroup.ro\/wp-content\/uploads\/2023\/07\/Nevtelen-2-1.png\" class=\"attachment-full size-full wp-image-119\" alt=\"\" srcset=\"https:\/\/localgroup.ro\/wp-content\/uploads\/2023\/07\/Nevtelen-2-1.png 2500w, https:\/\/localgroup.ro\/wp-content\/uploads\/2023\/07\/Nevtelen-2-1-300x60.png 300w, https:\/\/localgroup.ro\/wp-content\/uploads\/2023\/07\/Nevtelen-2-1-1024x205.png 1024w, https:\/\/localgroup.ro\/wp-content\/uploads\/2023\/07\/Nevtelen-2-1-768x154.png 768w, https:\/\/localgroup.ro\/wp-content\/uploads\/2023\/07\/Nevtelen-2-1-1536x307.png 1536w, https:\/\/localgroup.ro\/wp-content\/uploads\/2023\/07\/Nevtelen-2-1-2048x410.png 2048w\" sizes=\"auto, (max-width: 2500px) 100vw, 2500px\" \/>\t\t\t\t\t\t\t\t\t\t\t\t\t\t\t<\/div>\n\t\t\t\t<\/div>\n\t\t\t\t<section class=\"elementor-section elementor-inner-section elementor-element elementor-element-a58ffc4 elementor-section-boxed elementor-section-height-default elementor-section-height-default\" data-id=\"a58ffc4\" data-element_type=\"section\">\n\t\t\t\t\t\t<div class=\"elementor-container elementor-column-gap-default\">\n\t\t\t\t\t<div class=\"elementor-column elementor-col-100 elementor-inner-column elementor-element elementor-element-5e8ae43\" data-id=\"5e8ae43\" data-element_type=\"column\">\n\t\t\t<div class=\"elementor-widget-wrap elementor-element-populated\">\n\t\t\t\t\t\t\t\t<div class=\"elementor-element elementor-element-4646d5a elementor-widget elementor-widget-heading\" data-id=\"4646d5a\" data-element_type=\"widget\" data-widget_type=\"heading.default\">\n\t\t\t\t<div class=\"elementor-widget-container\">\n\t\t\t<style>\/*! elementor - v3.14.0 - 26-06-2023 *\/\n.elementor-heading-title{padding:0;margin:0;line-height:1}.elementor-widget-heading .elementor-heading-title[class*=elementor-size-]>a{color:inherit;font-size:inherit;line-height:inherit}.elementor-widget-heading .elementor-heading-title.elementor-size-small{font-size:15px}.elementor-widget-heading .elementor-heading-title.elementor-size-medium{font-size:19px}.elementor-widget-heading .elementor-heading-title.elementor-size-large{font-size:29px}.elementor-widget-heading .elementor-heading-title.elementor-size-xl{font-size:39px}.elementor-widget-heading .elementor-heading-title.elementor-size-xxl{font-size:59px}<\/style><h2 class=\"elementor-heading-title elementor-size-default\">Bine a\u021bi venit la Local Group,<\/h2>\t\t<\/div>\n\t\t\t\t<\/div>\n\t\t\t\t<div class=\"elementor-element elementor-element-9ba6c67 elementor-widget elementor-widget-text-editor\" data-id=\"9ba6c67\" data-element_type=\"widget\" data-widget_type=\"text-editor.default\">\n\t\t\t\t<div class=\"elementor-widget-container\">\n\t\t\t<style>\/*! elementor - v3.14.0 - 26-06-2023 *\/\n.elementor-widget-text-editor.elementor-drop-cap-view-stacked .elementor-drop-cap{background-color:#69727d;color:#fff}.elementor-widget-text-editor.elementor-drop-cap-view-framed .elementor-drop-cap{color:#69727d;border:3px solid;background-color:transparent}.elementor-widget-text-editor:not(.elementor-drop-cap-view-default) .elementor-drop-cap{margin-top:8px}.elementor-widget-text-editor:not(.elementor-drop-cap-view-default) .elementor-drop-cap-letter{width:1em;height:1em}.elementor-widget-text-editor .elementor-drop-cap{float:left;text-align:center;line-height:1;font-size:50px}.elementor-widget-text-editor .elementor-drop-cap-letter{display:inline-block}<\/style>\t\t\t\t<p>\u00cen cadrul Local Group, v\u0103 invit\u0103m s\u0103 explora\u021bi o palet\u0103 diversificat\u0103 de servicii concepute special pentru a v\u0103 satisface dorin\u021bele \u0219i a v\u0103 dep\u0103\u0219i a\u0219tept\u0103rile.<\/p>\t\t\t\t\t\t<\/div>\n\t\t\t\t<\/div>\n\t\t\t\t\t<\/div>\n\t\t<\/div>\n\t\t\t\t\t\t\t<\/div>\n\t\t<\/section>\n\t\t\t\t<section class=\"elementor-section elementor-inner-section elementor-element elementor-element-1867dac elementor-section-full_width elementor-section-height-default elementor-section-height-default\" data-id=\"1867dac\" data-element_type=\"section\">\n\t\t\t\t\t\t<div class=\"elementor-container elementor-column-gap-default\">\n\t\t\t\t\t<div class=\"elementor-column elementor-col-25 elementor-inner-column elementor-element elementor-element-ebe6eab\" data-id=\"ebe6eab\" data-element_type=\"column\">\n\t\t\t<div class=\"elementor-widget-wrap elementor-element-populated\">\n\t\t\t\t\t\t\t\t<div class=\"elementor-element elementor-element-9cc35bf elementor-widget elementor-widget-image\" data-id=\"9cc35bf\" data-element_type=\"widget\" data-widget_type=\"image.default\">\n\t\t\t\t<div class=\"elementor-widget-container\">\n\t\t\t\t\t\t\t\t\t\t\t\t\t\t\t<img loading=\"lazy\" decoding=\"async\" width=\"150\" height=\"150\" src=\"https:\/\/localgroup.ro\/wp-content\/uploads\/2023\/07\/attetszo-gaz-150x150.png\" class=\"attachment-thumbnail size-thumbnail wp-image-137\" alt=\"\" \/>\t\t\t\t\t\t\t\t\t\t\t\t\t\t\t<\/div>\n\t\t\t\t<\/div>\n\t\t\t\t<div class=\"elementor-element elementor-element-83f3f91 elementor-widget elementor-widget-heading\" data-id=\"83f3f91\" data-element_type=\"widget\" data-widget_type=\"heading.default\">\n\t\t\t\t<div class=\"elementor-widget-container\">\n\t\t\t<h2 class=\"elementor-heading-title elementor-size-default\">Local Gaz<\/h2>\t\t<\/div>\n\t\t\t\t<\/div>\n\t\t\t\t<div class=\"elementor-element elementor-element-d1ca05b elementor-widget elementor-widget-text-editor\" data-id=\"d1ca05b\" data-element_type=\"widget\" data-widget_type=\"text-editor.default\">\n\t\t\t\t<div class=\"elementor-widget-container\">\n\t\t\t\t\t\t\t<p>Local Gaz este o companie de \u00eencredere \u00een domeniul gazelor naturale, dedicat\u0103 furniz\u0103rii unei surse vitale de energie pentru comunit\u0103\u021bi, industrii \u0219i gospod\u0103rii. Cu o prezen\u021b\u0103 remarcabil\u0103 pe pia\u021b\u0103, firma noastr\u0103 este recunoscut\u0103 pentru calitatea \u0219i profesionalismul serviciilor oferite, precum \u0219i pentru angajamentul constant fa\u021b\u0103 de sustenabilitate \u0219i mediu.<\/p>\t\t\t\t\t\t<\/div>\n\t\t\t\t<\/div>\n\t\t\t\t<div class=\"elementor-element elementor-element-0ac8089 elementor-align-center elementor-widget elementor-widget-button\" data-id=\"0ac8089\" data-element_type=\"widget\" data-widget_type=\"button.default\">\n\t\t\t\t<div class=\"elementor-widget-container\">\n\t\t\t\t\t<div class=\"elementor-button-wrapper\">\n\t\t\t<a class=\"elementor-button elementor-button-link elementor-size-sm elementor-animation-grow\" href=\"https:\/\/localgaz.ro\/\">\n\t\t\t\t\t\t<span class=\"elementor-button-content-wrapper\">\n\t\t\t\t\t\t<span class=\"elementor-button-text\">Mai departe<\/span>\n\t\t<\/span>\n\t\t\t\t\t<\/a>\n\t\t<\/div>\n\t\t\t\t<\/div>\n\t\t\t\t<\/div>\n\t\t\t\t\t<\/div>\n\t\t<\/div>\n\t\t\t\t<div class=\"elementor-column elementor-col-25 elementor-inner-column elementor-element elementor-element-7e9b45a\" data-id=\"7e9b45a\" data-element_type=\"column\">\n\t\t\t<div class=\"elementor-widget-wrap elementor-element-populated\">\n\t\t\t\t\t\t\t\t<div class=\"elementor-element elementor-element-1e45278 elementor-widget elementor-widget-image\" data-id=\"1e45278\" data-element_type=\"widget\" data-widget_type=\"image.default\">\n\t\t\t\t<div class=\"elementor-widget-container\">\n\t\t\t\t\t\t\t\t\t\t\t\t\t\t\t<img loading=\"lazy\" decoding=\"async\" width=\"150\" height=\"150\" src=\"https:\/\/localgroup.ro\/wp-content\/uploads\/2023\/07\/attetszo-energy-150x150.png\" class=\"attachment-thumbnail size-thumbnail wp-image-138\" alt=\"\" \/>\t\t\t\t\t\t\t\t\t\t\t\t\t\t\t<\/div>\n\t\t\t\t<\/div>\n\t\t\t\t<div class=\"elementor-element elementor-element-2fae651 elementor-widget elementor-widget-heading\" data-id=\"2fae651\" data-element_type=\"widget\" data-widget_type=\"heading.default\">\n\t\t\t\t<div class=\"elementor-widget-container\">\n\t\t\t<h2 class=\"elementor-heading-title elementor-size-default\">Local Energy<\/h2>\t\t<\/div>\n\t\t\t\t<\/div>\n\t\t\t\t<div class=\"elementor-element elementor-element-2808751 elementor-widget elementor-widget-text-editor\" data-id=\"2808751\" data-element_type=\"widget\" data-widget_type=\"text-editor.default\">\n\t\t\t\t<div class=\"elementor-widget-container\">\n\t\t\t\t\t\t\t<p>Local Energy este o companie de \u00eencredere, lider\u0103 \u00een industria energiei electrice, dedicat\u0103 asigur\u0103rii unui viitor sustenabil \u0219i ecologic pentru clien\u021bii s\u0103i. Cu o vast\u0103 experien\u021b\u0103 \u00een domeniu \u0219i o echip\u0103 de profesioni\u0219ti pasiona\u021bi \u0219i dedica\u021bi, suntem dornici s\u0103 oferim solu\u021bii inovatoare pentru necesit\u0103\u021bile energetice ale comunit\u0103\u021bilor noastre.<\/p>\t\t\t\t\t\t<\/div>\n\t\t\t\t<\/div>\n\t\t\t\t<div class=\"elementor-element elementor-element-3ad5293 elementor-align-center elementor-widget elementor-widget-button\" data-id=\"3ad5293\" data-element_type=\"widget\" data-widget_type=\"button.default\">\n\t\t\t\t<div class=\"elementor-widget-container\">\n\t\t\t\t\t<div class=\"elementor-button-wrapper\">\n\t\t\t<a class=\"elementor-button elementor-button-link elementor-size-sm elementor-animation-grow\" href=\"#\">\n\t\t\t\t\t\t<span class=\"elementor-button-content-wrapper\">\n\t\t\t\t\t\t<span class=\"elementor-button-text\">Mai departe<\/span>\n\t\t<\/span>\n\t\t\t\t\t<\/a>\n\t\t<\/div>\n\t\t\t\t<\/div>\n\t\t\t\t<\/div>\n\t\t\t\t\t<\/div>\n\t\t<\/div>\n\t\t\t\t<div class=\"elementor-column elementor-col-25 elementor-inner-column elementor-element elementor-element-9a3b225\" data-id=\"9a3b225\" data-element_type=\"column\">\n\t\t\t<div class=\"elementor-widget-wrap elementor-element-populated\">\n\t\t\t\t\t\t\t\t<div class=\"elementor-element elementor-element-38b0f0a elementor-widget elementor-widget-image\" data-id=\"38b0f0a\" data-element_type=\"widget\" data-widget_type=\"image.default\">\n\t\t\t\t<div class=\"elementor-widget-container\">\n\t\t\t\t\t\t\t\t\t\t\t\t\t\t\t<img loading=\"lazy\" decoding=\"async\" width=\"150\" height=\"150\" src=\"https:\/\/localgroup.ro\/wp-content\/uploads\/2023\/07\/attetszo-cap-150x150.png\" class=\"attachment-thumbnail size-thumbnail wp-image-139\" alt=\"\" \/>\t\t\t\t\t\t\t\t\t\t\t\t\t\t\t<\/div>\n\t\t\t\t<\/div>\n\t\t\t\t<div class=\"elementor-element elementor-element-e8f8289 elementor-widget elementor-widget-heading\" data-id=\"e8f8289\" data-element_type=\"widget\" data-widget_type=\"heading.default\">\n\t\t\t\t<div class=\"elementor-widget-container\">\n\t\t\t<h2 class=\"elementor-heading-title elementor-size-default\">Local Capital<\/h2>\t\t<\/div>\n\t\t\t\t<\/div>\n\t\t\t\t<div class=\"elementor-element elementor-element-f4a9016 elementor-widget elementor-widget-text-editor\" data-id=\"f4a9016\" data-element_type=\"widget\" data-widget_type=\"text-editor.default\">\n\t\t\t\t<div class=\"elementor-widget-container\">\n\t\t\t\t\t\t\t<p>Firma noastr\u0103, este o companie specializat\u0103 \u00een furnizarea serviciilor financiare nebancare. Cu o vast\u0103 experien\u021b\u0103 \u00een industrie \u0219i un portofoliu diversificat de produse, ne propunem s\u0103 satisfacem nevoile financiare ale clien\u021bilor no\u0219tri \u00eentr-un mod rapid, eficient \u0219i transparent. Firma \u00ee\u0219i propune s\u0103 sus\u021bin\u0103 clien\u021bii \u00een atingerea obiectivelor financiare pe termen lung.<\/p>\t\t\t\t\t\t<\/div>\n\t\t\t\t<\/div>\n\t\t\t\t<div class=\"elementor-element elementor-element-0ff5a9b elementor-align-center elementor-widget elementor-widget-button\" data-id=\"0ff5a9b\" data-element_type=\"widget\" data-widget_type=\"button.default\">\n\t\t\t\t<div class=\"elementor-widget-container\">\n\t\t\t\t\t<div class=\"elementor-button-wrapper\">\n\t\t\t<a class=\"elementor-button elementor-button-link elementor-size-sm elementor-animation-grow\" href=\"https:\/\/localcapital.ro\/\">\n\t\t\t\t\t\t<span class=\"elementor-button-content-wrapper\">\n\t\t\t\t\t\t<span class=\"elementor-button-text\">Mai departe<\/span>\n\t\t<\/span>\n\t\t\t\t\t<\/a>\n\t\t<\/div>\n\t\t\t\t<\/div>\n\t\t\t\t<\/div>\n\t\t\t\t\t<\/div>\n\t\t<\/div>\n\t\t\t\t<div class=\"elementor-column elementor-col-25 elementor-inner-column elementor-element elementor-element-273c4a3\" data-id=\"273c4a3\" data-element_type=\"column\">\n\t\t\t<div class=\"elementor-widget-wrap elementor-element-populated\">\n\t\t\t\t\t\t\t\t<div class=\"elementor-element elementor-element-649640b elementor-widget elementor-widget-image\" data-id=\"649640b\" data-element_type=\"widget\" data-widget_type=\"image.default\">\n\t\t\t\t<div class=\"elementor-widget-container\">\n\t\t\t\t\t\t\t\t\t\t\t\t\t\t\t<img loading=\"lazy\" decoding=\"async\" width=\"150\" height=\"150\" src=\"https:\/\/localgroup.ro\/wp-content\/uploads\/2023\/07\/attetszo-fizetes-150x150.png\" class=\"attachment-thumbnail size-thumbnail wp-image-140\" alt=\"\" \/>\t\t\t\t\t\t\t\t\t\t\t\t\t\t\t<\/div>\n\t\t\t\t<\/div>\n\t\t\t\t<div class=\"elementor-element elementor-element-02c35bc elementor-widget elementor-widget-heading\" data-id=\"02c35bc\" data-element_type=\"widget\" data-widget_type=\"heading.default\">\n\t\t\t\t<div class=\"elementor-widget-container\">\n\t\t\t<h2 class=\"elementor-heading-title elementor-size-default\">Plata<\/h2>\t\t<\/div>\n\t\t\t\t<\/div>\n\t\t\t\t<div class=\"elementor-element elementor-element-a7f8d5b elementor-widget elementor-widget-text-editor\" data-id=\"a7f8d5b\" data-element_type=\"widget\" data-widget_type=\"text-editor.default\">\n\t\t\t\t<div class=\"elementor-widget-container\">\n\t\t\t\t\t\t\t<p>Plata online constituie un instrument esen\u021bial \u00een economia digital\u0103 contemporan\u0103, asigur\u00e2nd procesarea \u0219i securizarea tranzac\u021biilor financiare prin intermediul platformelor electronice. Utilizarea pl\u0103\u021bii online ofer\u0103 avantaje considerabile, precum economisirea timpului \u0219i a efortului asociat tranzac\u021biilor fizice \u0219i accesibilitatea la o gam\u0103 variat\u0103 de op\u021biuni de plat\u0103.<\/p>\t\t\t\t\t\t<\/div>\n\t\t\t\t<\/div>\n\t\t\t\t<div class=\"elementor-element elementor-element-9ec7c6b elementor-align-center elementor-widget elementor-widget-button\" data-id=\"9ec7c6b\" data-element_type=\"widget\" data-widget_type=\"button.default\">\n\t\t\t\t<div class=\"elementor-widget-container\">\n\t\t\t\t\t<div class=\"elementor-button-wrapper\">\n\t\t\t<a class=\"elementor-button elementor-button-link elementor-size-sm elementor-animation-grow\" href=\"https:\/\/plati.electricnetgroup.com\/?fbclid=IwAR0UcI1lV-SZ7zBKN2EnlsnBmr8yElOS5VN2VincqS_-t5kqsVt97oAsd5s\">\n\t\t\t\t\t\t<span class=\"elementor-button-content-wrapper\">\n\t\t\t\t\t\t<span class=\"elementor-button-text\">Mai departe<\/span>\n\t\t<\/span>\n\t\t\t\t\t<\/a>\n\t\t<\/div>\n\t\t\t\t<\/div>\n\t\t\t\t<\/div>\n\t\t\t\t\t<\/div>\n\t\t<\/div>\n\t\t\t\t\t\t\t<\/div>\n\t\t<\/section>\n\t\t\t\t<div class=\"elementor-element elementor-element-c5700a8 elementor-widget elementor-widget-spacer\" data-id=\"c5700a8\" data-element_type=\"widget\" data-widget_type=\"spacer.default\">\n\t\t\t\t<div class=\"elementor-widget-container\">\n\t\t\t<style>\/*! elementor - v3.14.0 - 26-06-2023 *\/\n.elementor-column .elementor-spacer-inner{height:var(--spacer-size)}.e-con{--container-widget-width:100%}.e-con-inner>.elementor-widget-spacer,.e-con>.elementor-widget-spacer{width:var(--container-widget-width,var(--spacer-size));--align-self:var(--container-widget-align-self,initial);--flex-shrink:0}.e-con-inner>.elementor-widget-spacer>.elementor-widget-container,.e-con-inner>.elementor-widget-spacer>.elementor-widget-container>.elementor-spacer,.e-con>.elementor-widget-spacer>.elementor-widget-container,.e-con>.elementor-widget-spacer>.elementor-widget-container>.elementor-spacer{height:100%}.e-con-inner>.elementor-widget-spacer>.elementor-widget-container>.elementor-spacer>.elementor-spacer-inner,.e-con>.elementor-widget-spacer>.elementor-widget-container>.elementor-spacer>.elementor-spacer-inner{height:var(--container-widget-height,var(--spacer-size))}<\/style>\t\t<div class=\"elementor-spacer\">\n\t\t\t<div class=\"elementor-spacer-inner\"><\/div>\n\t\t<\/div>\n\t\t\t\t<\/div>\n\t\t\t\t<\/div>\n\t\t\t\t\t<\/div>\n\t\t<\/div>\n\t\t\t\t\t\t\t<\/div>\n\t\t<\/section>\n\t\t\t\t\t\t\t<\/div>\n\t\t","protected":false},"excerpt":{"rendered":"<p>Bine a\u021bi venit la Local Group, \u00cen cadrul Local Group, v\u0103 invit\u0103m s\u0103 explora\u021bi o palet\u0103 diversificat\u0103 de servicii concepute special pentru a v\u0103 satisface dorin\u021bele \u0219i a v\u0103 dep\u0103\u0219i a\u0219tept\u0103rile. Local Gaz Local Gaz este o companie de \u00eencredere \u00een domeniul gazelor naturale, dedicat\u0103 furniz\u0103rii unei surse vitale de energie pentru comunit\u0103\u021bi, industrii \u0219i [&hellip;]<\/p>\n","protected":false},"author":1,"featured_media":0,"parent":0,"menu_order":0,"comment_status":"closed","ping_status":"closed","template":"elementor_canvas","meta":{"footnotes":""},"class_list":["post-42","page","type-page","status-publish","hentry"],"_links":{"self":[{"href":"https:\/\/localgroup.ro\/index.php\/wp-json\/wp\/v2\/pages\/42","targetHints":{"allow":["GET"]}}],"collection":[{"href":"https:\/\/localgroup.ro\/index.php\/wp-json\/wp\/v2\/pages"}],"about":[{"href":"https:\/\/localgroup.ro\/index.php\/wp-json\/wp\/v2\/types\/page"}],"author":[{"embeddable":true,"href":"https:\/\/localgroup.ro\/index.php\/wp-json\/wp\/v2\/users\/1"}],"replies":[{"embeddable":true,"href":"https:\/\/localgroup.ro\/index.php\/wp-json\/wp\/v2\/comments?post=42"}],"version-history":[{"count":99,"href":"https:\/\/localgroup.ro\/index.php\/wp-json\/wp\/v2\/pages\/42\/revisions"}],"predecessor-version":[{"id":176,"href":"https:\/\/localgroup.ro\/index.php\/wp-json\/wp\/v2\/pages\/42\/revisions\/176"}],"wp:attachment":[{"href":"https:\/\/localgroup.ro\/index.php\/wp-json\/wp\/v2\/media?parent=42"}],"curies":[{"name":"wp","href":"https:\/\/api.w.org\/{rel}","templated":true}]}}